{"id":717,"date":"2022-03-22T17:18:58","date_gmt":"2022-03-22T20:18:58","guid":{"rendered":"https:\/\/www.saltaconnection.com.ar\/web\/?post_type=product&#038;p=717"},"modified":"2025-12-23T21:45:15","modified_gmt":"2025-12-24T00:45:15","slug":"iruya-copia","status":"publish","type":"product","link":"https:\/\/www.saltaconnection.com.ar\/web\/producto\/iruya-copia\/","title":{"rendered":"Iruya, Purmamarca y Humahuaca"},"content":{"rendered":"<h4>\u00a0<span style=\"color: #333333\">Iruya<\/span><\/h4>\n<p><span style=\"color: #333333\">Salimos temprano por la ma\u00f1ana, nos dirigimos hacia los alrededores de la provincia de Jujuy, paseando por la Quebrada de HUmahuaca y sus diferentes pueblos donde podremos visitar Purmamarca, el majestuoso Cerro de los 7 Colores, La Paleta del Pintor en Maimara, la Pollera de La Coya en Huacalera, la vegetaci\u00f3n se torna m\u00e1s \u00e1rida a medida que avanzamos pasando por\u00a0 Humahuaca. Nos adentramos a un camino de cornisas, con paisajes monta\u00f1osos \u00fanicos, ca\u00f1ones y pendientes espectaculares. Pasamos por el peque\u00f1o pueblo de Iturbe y alcanzamos la altura m\u00e1xima en Apacheta Abra del Condor a 4000 msnm. Entre monta\u00f1as con formas de pico, encontramos al m\u00e1gico pueblito de Iruya, conocido por su sencillez y su gente, sus calles de piedras\u00a0 con ascensos y descensos nos muestran un pueblo quedado en el tiempo. Tiempo libre para recorrer y almorzar. Retomamos el camino para volver.\u00a0<\/span><br \/>\n<span style=\"color: #333333\">Durante el recorrido se realizan paradas para caminar y sacar fotos.<\/span><br \/>\n<span style=\"color: #333333\">Iruya es un pueblo de la provincia de Salta cabecera del departamento Iruya. Est\u00e1 ubicado a 2780 msnm, sobre los faldeos orientales de la sierra de Santa Victoria, a 307 km de la capital salte\u00f1a. Est\u00e1 dentro del per\u00edmetro de la reserva de biosfera de las Yungas.<\/span><\/p>\n<h5><span style=\"color: #333333\">Duraci\u00f3n: 14 horas (aprox.)<\/span><br \/>\n<span style=\"color: #333333\"><img loading=\"lazy\" decoding=\"async\" class=\"lazyloaded\" src=\"https:\/\/www.nordic-travel.com.ar\/ok\/02.png\" width=\"16\" height=\"16\" data-ll-status=\"loaded\" \/>\u00a0Traslados desde y hacia hoteles centricos (entre las 6:00 a 6:15 am.)<\/span><br \/>\n<span style=\"color: #333333\"><img loading=\"lazy\" decoding=\"async\" class=\"lazyloaded\" src=\"https:\/\/www.nordic-travel.com.ar\/ok\/03.png\" width=\"16\" height=\"16\" data-ll-status=\"loaded\" \/>\u00a0Recorrido total 580 km<\/span><br \/>\n<span style=\"color: #333333\"><img loading=\"lazy\" decoding=\"async\" class=\"lazyloaded\" src=\"https:\/\/www.nordic-travel.com.ar\/ok\/04.png\" width=\"16\" height=\"16\" data-ll-status=\"loaded\" \/>\u00a0Altura m\u00e1xima 4000 msnm<\/span><br \/>\n<span style=\"color: #333333\"><img loading=\"lazy\" decoding=\"async\" class=\"lazyloaded\" src=\"https:\/\/www.nordic-travel.com.ar\/ok\/05.png\" width=\"16\" height=\"16\" data-ll-status=\"loaded\" \/>\u00a0Pasajeros a partir de los 3 a\u00f1os<\/span><br \/>\n<span style=\"color: #333333\"><img loading=\"lazy\" decoding=\"async\" class=\"lazyloaded\" src=\"https:\/\/www.nordic-travel.com.ar\/ok\/06.png\" width=\"16\" height=\"16\" data-ll-status=\"loaded\" \/>\u00a0Idiomas disponibles: espa\u00f1ol e ingl\u00e9s<\/span><\/h5>\n<section id=\"servicios\"><\/section>\n","protected":false},"excerpt":{"rendered":"<p><strong>El m\u00ednimo para este Tour es de:<\/strong>.4 pasajeros<br \/>\n<strong>Distancia:<\/strong> 630 km<br \/>\n<strong>Duraci\u00f3n:<\/strong> 1<br \/>\n<strong>Edad:<\/strong> Todas las edades<br \/>\n<strong>Regi\u00f3n: <\/strong>Salta<br \/>\n<strong>Requerimiento F\u00edsico:<\/strong> Bajo<br \/>\n<strong>Salidas:<\/strong> Todo el a\u00f1o<br \/>\n<strong>Altitud M\u00e1xima:<\/strong> .3770 msnm<\/p>\n<p>&nbsp;<\/p>\n","protected":false},"featured_media":278,"comment_status":"closed","ping_status":"closed","template":"","meta":{"_et_pb_use_builder":"","_et_pb_old_content":"","_et_gb_content_width":""},"product_cat":[24,22,16],"product_tag":[],"_links":{"self":[{"href":"https:\/\/www.saltaconnection.com.ar\/web\/wp-json\/wp\/v2\/product\/717"}],"collection":[{"href":"https:\/\/www.saltaconnection.com.ar\/web\/wp-json\/wp\/v2\/product"}],"about":[{"href":"https:\/\/www.saltaconnection.com.ar\/web\/wp-json\/wp\/v2\/types\/product"}],"replies":[{"embeddable":true,"href":"https:\/\/www.saltaconnection.com.ar\/web\/wp-json\/wp\/v2\/comments?post=717"}],"wp:featuredmedia":[{"embeddable":true,"href":"https:\/\/www.saltaconnection.com.ar\/web\/wp-json\/wp\/v2\/media\/278"}],"wp:attachment":[{"href":"https:\/\/www.saltaconnection.com.ar\/web\/wp-json\/wp\/v2\/media?parent=717"}],"wp:term":[{"taxonomy":"product_cat","embeddable":true,"href":"https:\/\/www.saltaconnection.com.ar\/web\/wp-json\/wp\/v2\/product_cat?post=717"},{"taxonomy":"product_tag","embeddable":true,"href":"https:\/\/www.saltaconnection.com.ar\/web\/wp-json\/wp\/v2\/product_tag?post=717"}],"curies":[{"name":"wp","href":"https:\/\/api.w.org\/{rel}","templated":true}]}}