{"id":317,"date":"2019-10-16T16:51:38","date_gmt":"2019-10-16T19:51:38","guid":{"rendered":"http:\/\/saltaconnection.com.ar\/web\/?post_type=product&#038;p=317"},"modified":"2025-05-08T13:43:39","modified_gmt":"2025-05-08T16:43:39","slug":"tours-tafi-del-valle","status":"publish","type":"product","link":"https:\/\/www.saltaconnection.com.ar\/web\/producto\/tours-tafi-del-valle\/","title":{"rendered":"Tour Tafi del Valle"},"content":{"rendered":"<p>Desde Tucuman Capital. Salida por ruta 38, pasando por Lules, aqu\u00ed se realiza una visita a Las Ruinas Jesuiticas de San Jos\u00e9 del Monte de los Indios Lules, se contin\u00faa por Famaill\u00e1 hasta Acheral, desde donde comienza el ascenso a la monta\u00f1a por la quebrada del R\u00edo Sosa, Dique la Angostura, vista panor\u00e1mica de Taf\u00ed.<\/p>\n<p>En la villa de Tafi del Valle se pueden degustar productos regionales, especialmente el afamado \u201cQueso artesanal Tafinisto\u201d. Paseos y visitas obligadas son: la \u201cCapilla Jesu\u00edtica\u201d, un Museo Hist\u00f3rico, arqueol\u00f3gico y de arte religioso. Tiempo libre para el almuerzo en Tafi del Valle. Regreso a Tucuman.<\/p>\n<p>Opcional:<\/p>\n<p><strong>VALLES CALCHAQUIES y TAF\u00cd DEL VALLE 2 D\u00cdAS Y UNA NOCHE ( TUCUMAN &#8211; SALTA)<\/strong><\/p>\n<p><strong>1 D\u00cdA:<\/strong> CAFAYATE: VALLES CALCHAQUIES TUCUMAN- CAFAYATE ( 1 D\u00cdA ) Camino de Yungas, Los Menhires, Taf\u00ed y Amaicha del Valle, Ciudad Sagrada de Quilmes y Cafayate con bodega.<\/p>\n<p>El tour comienza a las 8:00 de la ma\u00f1ana por la Ruta 307. El camino se interna en la Quebrada del r\u00edo Los Sosa y nos detenemos en el monumento \u201cEl Indio\u201d. El Mollar para visitar Los Menhires. Luego visitamos la pintoresca localidad de Taf\u00ed del Valle. Abra del Infiernillo, a 3.042 m.s.n.m. Amaicha del Valle: visitamos la plaza y sus alrededores. Luego de empalmar con la RN 40, la Ciudad Sagrada de Quilmes. Recorremos a pie lo que fuera el \u00faltimo basti\u00f3n de la resistencia aborigen e ingresaremos al museo arqueol\u00f3gico que resguarda sus mas valiosas piezas all\u00ed encontradas. Colalao del Valle y arribo a Cafayate al atardecer. Se pernocta una noche en \u00e9sta ciudad.<\/p>\n<p><strong>2 D\u00cdA:<\/strong> Cafayate es la tierra del sol y el buen vino y nos da la bienvenida con cultivos de uva en parrales y espalderas , por lo cual incluimos un circuito que recorre las principales bodegas , donde podr\u00e1n informarse acerca de la producci\u00f3n y elaboraci\u00f3n de los vinos como as\u00ed tambi\u00e9n se incluye la degustaci\u00f3n de los mismos.<\/p>\n<p>Tomamos la RN68 para continuar el recorrido y visitar la Quebrada de Las Conchas, declarada Monumento Natural por la UNESCO debido a la impresionante policrom\u00eda de sus formaciones geol\u00f3gicas, entre sus principales formaciones naturales encontramos la Garganta del Diablo ; el Anfiteatro; el obelisco ; los Castillos , el Sapo , el Fraile, entre otros. Regreso a Salta por RN 68, continuamos por los poblados de Talapampa , Ampascachi; Coronel Moldes ; El Carril , La Merced y Cerrillos.<\/p>\n<p>Arribamos a la ciudad de Salta al atardecer a hs 19:30 aprox.<\/p>\n","protected":false},"excerpt":{"rendered":"<p><strong>El m\u00ednimo para este Tour es de:<\/strong>&#8230;.pasajeros<br \/>\n<strong>Distancia:<\/strong> &#8230;. km<br \/>\n<strong>Duraci\u00f3n:<\/strong> 4 hs.<br \/>\n<strong>Edad:<\/strong> Todas las edades<br \/>\n<strong>Regi\u00f3n: <\/strong>Tucuman<br \/>\n<strong>Requerimiento F\u00edsico:<\/strong> Bajo<br \/>\n<strong>Salidas:<\/strong> Todo el a\u00f1o<br \/>\n<strong>Altitud M\u00e1xima:<\/strong> &#8230;&#8230; msnm<\/p>\n<p>&nbsp;<\/p>\n","protected":false},"featured_media":320,"comment_status":"closed","ping_status":"closed","template":"","meta":{"_et_pb_use_builder":"","_et_pb_old_content":"","_et_gb_content_width":""},"product_cat":[18],"product_tag":[],"_links":{"self":[{"href":"https:\/\/www.saltaconnection.com.ar\/web\/wp-json\/wp\/v2\/product\/317"}],"collection":[{"href":"https:\/\/www.saltaconnection.com.ar\/web\/wp-json\/wp\/v2\/product"}],"about":[{"href":"https:\/\/www.saltaconnection.com.ar\/web\/wp-json\/wp\/v2\/types\/product"}],"replies":[{"embeddable":true,"href":"https:\/\/www.saltaconnection.com.ar\/web\/wp-json\/wp\/v2\/comments?post=317"}],"wp:featuredmedia":[{"embeddable":true,"href":"https:\/\/www.saltaconnection.com.ar\/web\/wp-json\/wp\/v2\/media\/320"}],"wp:attachment":[{"href":"https:\/\/www.saltaconnection.com.ar\/web\/wp-json\/wp\/v2\/media?parent=317"}],"wp:term":[{"taxonomy":"product_cat","embeddable":true,"href":"https:\/\/www.saltaconnection.com.ar\/web\/wp-json\/wp\/v2\/product_cat?post=317"},{"taxonomy":"product_tag","embeddable":true,"href":"https:\/\/www.saltaconnection.com.ar\/web\/wp-json\/wp\/v2\/product_tag?post=317"}],"curies":[{"name":"wp","href":"https:\/\/api.w.org\/{rel}","templated":true}]}}