{"id":279,"date":"2019-10-16T10:49:07","date_gmt":"2019-10-16T13:49:07","guid":{"rendered":"http:\/\/saltaconnection.com.ar\/web\/?post_type=product&#038;p=279"},"modified":"2025-05-08T13:41:09","modified_gmt":"2025-05-08T16:41:09","slug":"vuelta-a-los-valles-ruinas-de-quilmes-cabra-corral","status":"publish","type":"product","link":"https:\/\/www.saltaconnection.com.ar\/web\/producto\/vuelta-a-los-valles-ruinas-de-quilmes-cabra-corral\/","title":{"rendered":"Vuelta a los Valles, Cafayate, Molinos, Cachi"},"content":{"rendered":"<p>VUELTA\u00a0 LOS VALLES CALCHAQUIES, Cafayate, Molinos, Cachi.<\/p>\n<p>Se extiende por m\u00e1s de 500 km de paisajes espectaculares, y puede ser visitada en un recorrido circular que sale y regresa a la ciudad Capital, pasando por las localidades de Molinos, Cachi,Cafayate, San Carlos, Seclant\u00e1s, Animan\u00e1, Angastaco, La Poma y Payogasta. Lugres muy diferentes unos de otros, que se encuentran por arriba de los 2.000 metros de altura.<\/p>\n<p>Comenzamos el tour rumbo a Cachi, pasando por la Cuesta del Obispo, Parque Nacional los Cardones, almuerzo en Cachi, por la tarde tomamos\u00a0 la m\u00e1gica Ruta 40, rumbo a Cafayate,\u00a0 visitando Seclantas, Molinos y su criadero de Vicu\u00f1as, Angastaco, La Quebrada de las Flechas, San Carlos, y Animam\u00e1. Llegamos a Cafayate por la tarde, donde visitaremos dos bodegas y degustaremos los m\u00e1s conocidos vinos.<\/p>\n<p>Al d\u00eda siguiente por la ma\u00f1ana emprenderemos rumbo a\u00a0 la Quebrada de Las Conchas como La Garganta de Diablo, El Anfiteatro, El Obelisco, Los Castillos, etc.., tambi\u00e9n el peque\u00f1o pueblo fantasma de Alemania.<\/p>\n<p><strong>No incluye; comidas (desayunos, almuerzos, cenas y bebidas) noches de alojamientos y nada que no se especifique a el momento de contratar la excursion.<br \/>\nCONSULTAR: Excursion ruta del vino en Cafayate.<br \/>\nCONSULTAR: Excursion Ruinas de Quilmes<br \/>\nAmbas son excursiones de mediodia que podran realizar desde CAFAYATE.<\/strong><\/p>\n<p>Grupos de 4 pasajeros. Consultar por servicio privado.<\/p>\n","protected":false},"excerpt":{"rendered":"<p><strong>El m\u00ednimo para este Tour es de:<\/strong>&#8230;.pasajeros<br \/>\n<strong>Distancia:<\/strong> &#8230;. km<br \/>\n<strong>Duraci\u00f3n:<\/strong> 2 d\u00eda<br \/>\n<strong>Edad:<\/strong> Todas las edades<br \/>\n<strong>Regi\u00f3n: <\/strong>&#8230;..Salta,<br \/>\n<strong>Requerimiento F\u00edsico:<\/strong> Bajo<br \/>\n<strong>Salidas:<\/strong> 7:15 a 19:00 hs.<br \/>\n<strong>Altitud M\u00e1xima:<\/strong> &#8230;&#8230; msnm<\/p>\n<p>&nbsp;<\/p>\n","protected":false},"featured_media":280,"comment_status":"closed","ping_status":"closed","template":"","meta":{"_et_pb_use_builder":"","_et_pb_old_content":"","_et_gb_content_width":""},"product_cat":[16],"product_tag":[],"_links":{"self":[{"href":"https:\/\/www.saltaconnection.com.ar\/web\/wp-json\/wp\/v2\/product\/279"}],"collection":[{"href":"https:\/\/www.saltaconnection.com.ar\/web\/wp-json\/wp\/v2\/product"}],"about":[{"href":"https:\/\/www.saltaconnection.com.ar\/web\/wp-json\/wp\/v2\/types\/product"}],"replies":[{"embeddable":true,"href":"https:\/\/www.saltaconnection.com.ar\/web\/wp-json\/wp\/v2\/comments?post=279"}],"wp:featuredmedia":[{"embeddable":true,"href":"https:\/\/www.saltaconnection.com.ar\/web\/wp-json\/wp\/v2\/media\/280"}],"wp:attachment":[{"href":"https:\/\/www.saltaconnection.com.ar\/web\/wp-json\/wp\/v2\/media?parent=279"}],"wp:term":[{"taxonomy":"product_cat","embeddable":true,"href":"https:\/\/www.saltaconnection.com.ar\/web\/wp-json\/wp\/v2\/product_cat?post=279"},{"taxonomy":"product_tag","embeddable":true,"href":"https:\/\/www.saltaconnection.com.ar\/web\/wp-json\/wp\/v2\/product_tag?post=279"}],"curies":[{"name":"wp","href":"https:\/\/api.w.org\/{rel}","templated":true}]}}