{"id":269,"date":"2019-10-16T10:19:18","date_gmt":"2019-10-16T13:19:18","guid":{"rendered":"http:\/\/saltaconnection.com.ar\/web\/?post_type=product&#038;p=269"},"modified":"2025-12-23T21:50:58","modified_gmt":"2025-12-24T00:50:58","slug":"san-antonio","status":"publish","type":"product","link":"https:\/\/www.saltaconnection.com.ar\/web\/producto\/san-antonio\/","title":{"rendered":"San Antonio de los Cobres y Viaducto la Polvorilla"},"content":{"rendered":"<p>SAN ANTONIO DE LOS COBRES Y VIADUCTO LA POLVORILLA<\/p>\n<p>Esta excursi\u00f3n es m\u00e1s bien conocida como el recorrido del Tren a las Nubes. Se la realiza en los recorridos paralelos a la v\u00eda, por ruta 51 parcialmente pavimentada. La mayor parte de la excursi\u00f3n se recorre &#8216;La Quebrada del Toro&#8217; atravesando zonas de viaductos pasando por &#8216;El Alisal&#8217;, &#8216;Ing. Maury&#8217;, visitando Tastil donde se encuentra el museo con una momia petrificada y luego las tan nombradas &#8216;Ruinas de Tastil&#8217;; llegando a &#8216;Abra Blanca&#8217; donde nos encontramos a 4080 m.s.n.m.. Descendiendo al pueblo de San Antonio de los Cobres a 3775 m.s.n.m., con avistaje de llamas y vicu\u00f1as. De all\u00ed se parte hacia el Viaducto &#8216;La Polvorilla&#8217; que se encuentra a 4200 m.s.n.m..all\u00ed podr\u00e1n ascender y contemplar el maravilloso paisaje de alta monta\u00f1a. Fin del tour, regreso a Salta.<\/p>\n","protected":false},"excerpt":{"rendered":"<p><strong>El m\u00ednimo para este Tour es de: 2<\/strong>\u00a0pasajeros<br \/>\n<strong>Distancia:<\/strong> 164 km<br \/>\n<strong>Duraci\u00f3n:<\/strong> 1 d\u00eda 7.00hs a 19.30hs<br \/>\n<strong>Edad:<\/strong> Todas las edades<br \/>\n<strong>Regi\u00f3n: <\/strong>Salta<br \/>\n<strong>Requerimiento F\u00edsico:<\/strong> Medio<br \/>\n<strong>Salidas:<\/strong> Todo el a\u00f1o<br \/>\n<strong>Altitud M\u00e1xima:<\/strong> 3775 msnm<\/p>\n<p><strong>San Antonio de los Cobres, un Lugar M\u00e1gico<\/strong><br \/>\nLa localidad se integra al Programa Lugares M\u00e1gicos, porque se ubica en la inmensidad del altiplano argentino, ubicados a m\u00e1s de 3.500 metros sobre el nivel del mar. El aspecto distintivo de esta localidad est\u00e1 vinculado directamente con la llegada del ferrocarril General Belgrano a la Puna Salte\u00f1a, marcando un antes y un despu\u00e9s. Por un lado, acentu\u00f3 m\u00e1s su condici\u00f3n de pueblo de paso entre los circuitos comerciales hacia el Pacifico, la zona de Atacama y el puerto de Antofagasta en Chile y por otro lado, puso a la localidad en el mapa tur\u00edstico del mundo por ser el punto de inicio y final del recorrido del Tren a las Nubes.<\/p>\n<p>Paralelo a la Ruta Nacional N\u00b051 que conduce a Chile se pueden observar puentes, t\u00faneles, rulos e incre\u00edbles zigzags por los que transita el famoso Tren a las Nubes, que forman parte de una de las obras de ingenier\u00eda m\u00e1s destacadas que el hombre haya realizado, el Ramal C-14, tanto por el territorio como por la tecnolog\u00eda con que se contaba en el momento de su construcci\u00f3n, entre 1930 y 1940, comandada por el ingeniero norteamericano Richard Fontaine Maury y su equipo, de la cual participaron numerosos pobladores locales.<br \/>\nVisitamos; Quebrada del Toro, Santa Rosa de Tastil, ALfarcito y pueblo de San Antonio de los cobres.<\/p>\n","protected":false},"featured_media":1126,"comment_status":"closed","ping_status":"closed","template":"","meta":{"_et_pb_use_builder":"","_et_pb_old_content":"","_et_gb_content_width":""},"product_cat":[24,16],"product_tag":[],"_links":{"self":[{"href":"https:\/\/www.saltaconnection.com.ar\/web\/wp-json\/wp\/v2\/product\/269"}],"collection":[{"href":"https:\/\/www.saltaconnection.com.ar\/web\/wp-json\/wp\/v2\/product"}],"about":[{"href":"https:\/\/www.saltaconnection.com.ar\/web\/wp-json\/wp\/v2\/types\/product"}],"replies":[{"embeddable":true,"href":"https:\/\/www.saltaconnection.com.ar\/web\/wp-json\/wp\/v2\/comments?post=269"}],"wp:featuredmedia":[{"embeddable":true,"href":"https:\/\/www.saltaconnection.com.ar\/web\/wp-json\/wp\/v2\/media\/1126"}],"wp:attachment":[{"href":"https:\/\/www.saltaconnection.com.ar\/web\/wp-json\/wp\/v2\/media?parent=269"}],"wp:term":[{"taxonomy":"product_cat","embeddable":true,"href":"https:\/\/www.saltaconnection.com.ar\/web\/wp-json\/wp\/v2\/product_cat?post=269"},{"taxonomy":"product_tag","embeddable":true,"href":"https:\/\/www.saltaconnection.com.ar\/web\/wp-json\/wp\/v2\/product_tag?post=269"}],"curies":[{"name":"wp","href":"https:\/\/api.w.org\/{rel}","templated":true}]}}