{"id":264,"date":"2019-10-16T10:12:16","date_gmt":"2019-10-16T13:12:16","guid":{"rendered":"http:\/\/saltaconnection.com.ar\/web\/?post_type=product&#038;p=264"},"modified":"2025-04-14T11:10:44","modified_gmt":"2025-04-14T14:10:44","slug":"cafayate","status":"publish","type":"product","link":"https:\/\/www.saltaconnection.com.ar\/web\/producto\/cafayate\/","title":{"rendered":"Cafayate y Bodega"},"content":{"rendered":"<p><span style=\"font-family: Calibri, sans-serif\"><span style=\"font-size: small\"><b>CAFAYATE : <\/b>Esta excursi\u00f3n comienza en Salta por la R.N.68 se atraviesa el Valle de Lerma, donde se destacan\u00a0 localidades como Cerrillos, La Merced , El Carril y La Vi\u00f1a. por su producci\u00f3n de tabaco y la cr\u00eda de ganado ovino y bovino.<br \/>\nSe ingresa luego a la \u201cQuebrada de las Conchas\u201d Reserva natural Provincial.\u00a0 Donde el agua y el viento definieron formas muy particulares en los cerros multicolores como La Garganta del Diablo, El Anfiteatro, El Sapo, El Fraile, Los Castillos, Las Ventanas y muchos m\u00e1s. Llegamos a Cafayate ciudad que se encuentra en los Valles Calchaqu\u00edes, tierra del sol y del buen vino, visitando\u00a0 una bodega y degustando los vinos finos de la regi\u00f3n, de los cuales se destaca el vino blanco Torront\u00e9s.. Recorrido total: 380 km.<\/span><\/span><\/p>\n<p><span style=\"font-family: Calibri, sans-serif\"><span style=\"font-size: small\"><i>B\u00fasqueda desde 07:00 a 7:50 hs. <\/i><\/span><\/span><\/p>\n<p><span style=\"font-family: Calibri, sans-serif\"><span style=\"font-size: small\"><i>Duraci\u00f3n 12 hs. Aprox. <\/i><\/span><\/span><\/p>\n","protected":false},"excerpt":{"rendered":"<p><strong>El m\u00ednimo para este Tour es de: <\/strong>4 pasajeros<br \/>\n<strong>Distancia:<\/strong> 196 km<br \/>\n<strong>Duraci\u00f3n:<\/strong> 1 d\u00eda<br \/>\n<strong>Edad:<\/strong> Todas las edades<br \/>\n<strong>Regi\u00f3n: <\/strong>Salta<br \/>\n<strong>Requerimiento F\u00edsico:<\/strong> Bajo<br \/>\n<strong>Salidas:<\/strong> 7:15 hasta las 19:30 hs.<br \/>\n<strong>Altitud M\u00e1xima:<\/strong> 1683 msnm<\/p>\n<p>&nbsp;<\/p>\n","protected":false},"featured_media":266,"comment_status":"closed","ping_status":"closed","template":"","meta":{"_et_pb_use_builder":"","_et_pb_old_content":"","_et_gb_content_width":""},"product_cat":[24,22,16],"product_tag":[],"_links":{"self":[{"href":"https:\/\/www.saltaconnection.com.ar\/web\/wp-json\/wp\/v2\/product\/264"}],"collection":[{"href":"https:\/\/www.saltaconnection.com.ar\/web\/wp-json\/wp\/v2\/product"}],"about":[{"href":"https:\/\/www.saltaconnection.com.ar\/web\/wp-json\/wp\/v2\/types\/product"}],"replies":[{"embeddable":true,"href":"https:\/\/www.saltaconnection.com.ar\/web\/wp-json\/wp\/v2\/comments?post=264"}],"wp:featuredmedia":[{"embeddable":true,"href":"https:\/\/www.saltaconnection.com.ar\/web\/wp-json\/wp\/v2\/media\/266"}],"wp:attachment":[{"href":"https:\/\/www.saltaconnection.com.ar\/web\/wp-json\/wp\/v2\/media?parent=264"}],"wp:term":[{"taxonomy":"product_cat","embeddable":true,"href":"https:\/\/www.saltaconnection.com.ar\/web\/wp-json\/wp\/v2\/product_cat?post=264"},{"taxonomy":"product_tag","embeddable":true,"href":"https:\/\/www.saltaconnection.com.ar\/web\/wp-json\/wp\/v2\/product_tag?post=264"}],"curies":[{"name":"wp","href":"https:\/\/api.w.org\/{rel}","templated":true}]}}