{"id":245,"date":"2019-10-16T09:27:15","date_gmt":"2019-10-16T12:27:15","guid":{"rendered":"http:\/\/saltaconnection.com.ar\/web\/?post_type=product&#038;p=245"},"modified":"2025-04-13T13:23:56","modified_gmt":"2025-04-13T16:23:56","slug":"city-tour-y-alrrededores","status":"publish","type":"product","link":"https:\/\/www.saltaconnection.com.ar\/web\/producto\/city-tour-y-alrrededores\/","title":{"rendered":"City Tour, San lorenzo y Cerro San Bernardo"},"content":{"rendered":"<p>Ciudad y alrededores<\/p>\n<p>La ciudad de Salta fue fundada en 1582 y a\u00fan posee un car\u00e1cter hisp\u00e1nico que la distingue del resto de las capitales argentinas. Su perfil urbano est\u00e1 delineado por casas e iglesias de estilo colonial, enmarcadas por los cerros circundantes. La zona m\u00e1s antigua y representativa es la Plaza 9 de julio y sus alrededores con edificios la Catedral Bas\u00edlica, El Cabildo, muy cerca se hallan la Iglesia San Francisco y el convento San Bernardo. A 10 km. de Salta capital se encuentra la reserva natural\u00a0 Quebrada de San Lorenzo o simplemente Quebrada de San Lorenzo. En lo m\u00e1s alto de\u00a0 la Quebrada se llega al r\u00edo San Lorenzo con sus aguas cristalinas, la vegetaci\u00f3n es a\u00fan m\u00e1s selv\u00e1tica, helechos, enredaderas y orqu\u00eddeas es un paseo imperdible.<\/p>\n","protected":false},"excerpt":{"rendered":"<p><strong>El m\u00ednimo para este Tour es de:<\/strong>&#8230;.pasajeros<br \/>\n<strong>Distancia:<\/strong> &#8230;. km<br \/>\n<strong>Duraci\u00f3n:<\/strong>\u00a0 3hs.<br \/>\n<strong>Edad:<\/strong> Todas las edades<br \/>\n<strong>Regi\u00f3n: <\/strong>Salta Capital<br \/>\n<strong>Requerimiento F\u00edsico:<\/strong> Bajo<br \/>\n<strong>Salidas:<\/strong> Todos los d\u00edas<br \/>\n<strong>Horarios:<\/strong> 9:00 a 12:30 \/ <strong>Tarde<\/strong> 16:00 a 19:30<\/p>\n<p>&nbsp;<\/p>\n","protected":false},"featured_media":246,"comment_status":"closed","ping_status":"closed","template":"","meta":{"_et_pb_use_builder":"","_et_pb_old_content":"","_et_gb_content_width":""},"product_cat":[24,22,16],"product_tag":[],"_links":{"self":[{"href":"https:\/\/www.saltaconnection.com.ar\/web\/wp-json\/wp\/v2\/product\/245"}],"collection":[{"href":"https:\/\/www.saltaconnection.com.ar\/web\/wp-json\/wp\/v2\/product"}],"about":[{"href":"https:\/\/www.saltaconnection.com.ar\/web\/wp-json\/wp\/v2\/types\/product"}],"replies":[{"embeddable":true,"href":"https:\/\/www.saltaconnection.com.ar\/web\/wp-json\/wp\/v2\/comments?post=245"}],"wp:featuredmedia":[{"embeddable":true,"href":"https:\/\/www.saltaconnection.com.ar\/web\/wp-json\/wp\/v2\/media\/246"}],"wp:attachment":[{"href":"https:\/\/www.saltaconnection.com.ar\/web\/wp-json\/wp\/v2\/media?parent=245"}],"wp:term":[{"taxonomy":"product_cat","embeddable":true,"href":"https:\/\/www.saltaconnection.com.ar\/web\/wp-json\/wp\/v2\/product_cat?post=245"},{"taxonomy":"product_tag","embeddable":true,"href":"https:\/\/www.saltaconnection.com.ar\/web\/wp-json\/wp\/v2\/product_tag?post=245"}],"curies":[{"name":"wp","href":"https:\/\/api.w.org\/{rel}","templated":true}]}}